{"id":1151,"date":"2025-10-23T15:20:06","date_gmt":"2025-10-23T15:20:06","guid":{"rendered":"https:\/\/camiloafiliadosofertas.com\/?page_id=1151"},"modified":"2026-02-15T02:21:47","modified_gmt":"2026-02-15T02:21:47","slug":"politica-de-privacidade-guia-das-financas","status":"publish","type":"page","link":"https:\/\/camiloafiliadosofertas.com\/?page_id=1151","title":{"rendered":"Pol\u00edtica de Privacidade \u2013 Guia das Finan\u00e7as"},"content":{"rendered":"<p>No <strong data-end=\"319\" data-start=\"298\">Guia das Finan\u00e7as<\/strong>, a privacidade de nossos visitantes \u00e9 uma prioridade. Esta Pol\u00edtica de Privacidade explica quais informa\u00e7\u00f5es coletamos, como usamos esses dados e quais medidas tomamos para proteger sua privacidade enquanto voc\u00ea navega em nosso blog. Ao acessar nosso site, voc\u00ea concorda com as pr\u00e1ticas descritas nesta pol\u00edtica.<\/p>\n<h3 data-end=\"674\" data-start=\"636\"><strong data-end=\"672\" data-start=\"640\">1. Informa\u00e7\u00f5es que coletamos<\/strong><\/h3>\n<p data-end=\"813\" data-start=\"675\">Podemos coletar diferentes tipos de informa\u00e7\u00f5es para melhorar a experi\u00eancia do usu\u00e1rio e garantir que nosso conte\u00fado seja \u00fatil e seguro:<\/p>\n<ul data-end=\"1400\" data-start=\"814\">\n<li data-end=\"968\" data-start=\"814\">\n<p data-end=\"968\" data-start=\"816\"><strong data-end=\"856\" data-start=\"816\">Informa\u00e7\u00f5es fornecidas pelo usu\u00e1rio:<\/strong> quando voc\u00ea preenche formul\u00e1rios de contato ou se inscreve em newsletters, podemos coletar seu nome e e-mail.<\/p>\n<\/li>\n<li data-end=\"1152\" data-start=\"969\">\n<p data-end=\"1152\" data-start=\"971\"><strong data-end=\"999\" data-start=\"971\">Informa\u00e7\u00f5es autom\u00e1ticas:<\/strong> ao navegar pelo site, alguns dados podem ser coletados automaticamente, como endere\u00e7o IP, tipo de navegador, p\u00e1ginas visitadas e tempo de perman\u00eancia.<\/p>\n<\/li>\n<li data-end=\"1400\" data-start=\"1153\">\n<p data-end=\"1400\" data-start=\"1155\"><strong data-end=\"1167\" data-start=\"1155\">Cookies:<\/strong> usamos cookies e tecnologias semelhantes para analisar padr\u00f5es de uso, personalizar conte\u00fado e melhorar a funcionalidade do site. Os cookies podem ser desativados no navegador, mas isso pode afetar algumas funcionalidades do blog.<\/p>\n<\/li>\n<\/ul>\n<h3 data-end=\"1443\" data-start=\"1402\"><strong data-end=\"1441\" data-start=\"1406\">2. Como usamos suas informa\u00e7\u00f5es<\/strong><\/h3>\n<p data-end=\"1508\" data-start=\"1444\">As informa\u00e7\u00f5es coletadas t\u00eam finalidades claras e espec\u00edficas:<\/p>\n<ul data-end=\"2006\" data-start=\"1509\">\n<li data-end=\"1618\" data-start=\"1509\">\n<p data-end=\"1618\" data-start=\"1511\"><strong data-end=\"1535\" data-start=\"1511\">Melhorar o conte\u00fado:<\/strong> para oferecer artigos e tutoriais que atendam \u00e0s suas necessidades e interesses.<\/p>\n<\/li>\n<li data-end=\"1755\" data-start=\"1619\">\n<p data-end=\"1755\" data-start=\"1621\"><strong data-end=\"1637\" data-start=\"1621\">Comunica\u00e7\u00e3o:<\/strong> enviar respostas a perguntas, atualiza\u00e7\u00f5es sobre novos conte\u00fados ou informa\u00e7\u00f5es relevantes enviadas por newsletter.<\/p>\n<\/li>\n<li data-end=\"1901\" data-start=\"1756\">\n<p data-end=\"1901\" data-start=\"1758\"><strong data-end=\"1783\" data-start=\"1758\">An\u00e1lise e desempenho:<\/strong> entender como os visitantes interagem com o blog, identificar problemas e aprimorar a experi\u00eancia geral do usu\u00e1rio.<\/p>\n<\/li>\n<li data-end=\"2006\" data-start=\"1902\">\n<p data-end=\"2006\" data-start=\"1904\"><strong data-end=\"1918\" data-start=\"1904\">Seguran\u00e7a:<\/strong> prevenir atividades suspeitas ou mal-intencionadas e proteger o site e seus usu\u00e1rios.<\/p>\n<\/li>\n<\/ul>\n<h3 data-end=\"2052\" data-start=\"2008\"><strong data-end=\"2050\" data-start=\"2012\">3. Compartilhamento de informa\u00e7\u00f5es<\/strong><\/h3>\n<p data-end=\"2243\" data-start=\"2053\">O <strong data-end=\"2076\" data-start=\"2055\">Guia das Finan\u00e7as<\/strong> n\u00e3o vende, aluga ou compartilha informa\u00e7\u00f5es pessoais de seus usu\u00e1rios com terceiros para fins comerciais. Podemos compartilhar dados somente quando necess\u00e1rio para:<\/p>\n<ul data-end=\"2528\" data-start=\"2244\">\n<li data-end=\"2290\" data-start=\"2244\">\n<p data-end=\"2290\" data-start=\"2246\">Cumprir obriga\u00e7\u00f5es legais ou regulat\u00f3rias;<\/p>\n<\/li>\n<li data-end=\"2369\" data-start=\"2291\">\n<p data-end=\"2369\" data-start=\"2293\">Proteger os direitos, propriedade ou seguran\u00e7a do blog e de seus usu\u00e1rios;<\/p>\n<\/li>\n<li data-end=\"2528\" data-start=\"2370\">\n<p data-end=\"2528\" data-start=\"2372\">Trabalhar com servi\u00e7os terceirizados essenciais, como provedores de hospedagem ou ferramentas de an\u00e1lise, sempre garantindo a confidencialidade dos dados.<\/p>\n<\/li>\n<\/ul>\n<h3 data-end=\"2575\" data-start=\"2530\"><strong data-end=\"2573\" data-start=\"2534\">4. An\u00fancios e servi\u00e7os de terceiros<\/strong><\/h3>\n<p data-end=\"3023\" data-start=\"2576\">Nosso blog utiliza <strong data-end=\"2613\" data-start=\"2595\">Google AdSense<\/strong>, que pode usar cookies para veicular an\u00fancios personalizados com base em visitas anteriores ao site ou outros sites. Esses an\u00fancios ajudam a manter o blog gratuito e a oferecer conte\u00fados de qualidade. O Google possui sua pr\u00f3pria Pol\u00edtica de Privacidade, e voc\u00ea pode consultar mais sobre como funciona o servi\u00e7o em <a class=\"decorated-link cursor-pointer\" data-end=\"3020\" data-start=\"2928\" href=\"https:\/\/policies.google.com\/technologies\/ads\" rel=\"noopener\" target=\"_new\">https:\/\/policies.google.com\/technologies\/ads<span aria-hidden=\"true\" class=\"ms-0.5 inline-block align-middle leading-none\"><\/span><\/a>.<\/p>\n<h3 data-end=\"3057\" data-start=\"3025\"><strong data-end=\"3055\" data-start=\"3029\">5. Seguran\u00e7a dos dados<\/strong><\/h3>\n<p data-end=\"3447\" data-start=\"3058\">Implementamos medidas de seguran\u00e7a t\u00e9cnicas e administrativas para proteger suas informa\u00e7\u00f5es contra acesso n\u00e3o autorizado, altera\u00e7\u00e3o, divulga\u00e7\u00e3o ou destrui\u00e7\u00e3o. Apesar de todos os esfor\u00e7os, nenhum m\u00e9todo de transmiss\u00e3o pela internet ou armazenamento eletr\u00f4nico \u00e9 100% seguro. Portanto, n\u00e3o podemos garantir seguran\u00e7a absoluta, mas garantimos que tomamos <strong data-end=\"3444\" data-start=\"3411\">todas as precau\u00e7\u00f5es poss\u00edveis<\/strong>.<\/p>\n<h3 data-end=\"3481\" data-start=\"3449\"><strong data-end=\"3479\" data-start=\"3453\">6. Direitos do usu\u00e1rio<\/strong><\/h3>\n<p data-end=\"3506\" data-start=\"3482\">Voc\u00ea tem o direito de:<\/p>\n<ul data-end=\"3768\" data-start=\"3507\">\n<li data-end=\"3577\" data-start=\"3507\">\n<p data-end=\"3577\" data-start=\"3509\">Solicitar acesso \u00e0s informa\u00e7\u00f5es pessoais que coletamos sobre voc\u00ea;<\/p>\n<\/li>\n<li data-end=\"3621\" data-start=\"3578\">\n<p data-end=\"3621\" data-start=\"3580\">Corrigir ou atualizar dados incorretos;<\/p>\n<\/li>\n<li data-end=\"3670\" data-start=\"3622\">\n<p data-end=\"3670\" data-start=\"3624\">Solicitar a exclus\u00e3o de seus dados pessoais;<\/p>\n<\/li>\n<li data-end=\"3768\" data-start=\"3671\">\n<p data-end=\"3768\" data-start=\"3673\">Recusar o uso de cookies para fins de personaliza\u00e7\u00e3o de an\u00fancios (configura\u00e7\u00e3o no navegador).<\/p>\n<\/li>\n<\/ul>\n<p data-end=\"3895\" data-start=\"3770\">Para exercer qualquer um desses direitos, voc\u00ea pode entrar em contato diretamente atrav\u00e9s da p\u00e1gina de <strong data-end=\"3884\" data-start=\"3873\">Contato<\/strong> do blog.<\/p>\n<h3 data-end=\"3935\" data-start=\"3897\"><strong data-end=\"3933\" data-start=\"3901\">7. Altera\u00e7\u00f5es nesta pol\u00edtica<\/strong><\/h3>\n<p data-end=\"4257\" data-start=\"3936\">O <strong data-end=\"3959\" data-start=\"3938\">Guia das Finan\u00e7as<\/strong> pode atualizar esta Pol\u00edtica de Privacidade periodicamente. Sempre que houver altera\u00e7\u00f5es relevantes, publicaremos a vers\u00e3o atualizada no blog, garantindo transpar\u00eancia e seguran\u00e7a. Recomendamos que voc\u00ea consulte esta p\u00e1gina regularmente para se manter informado sobre como protegemos seus dados.<\/p>\n<p data-end=\"4597\" data-start=\"4279\">A privacidade e seguran\u00e7a dos nossos visitantes s\u00e3o prioridades. Nos comprometemos a tratar suas informa\u00e7\u00f5es com responsabilidade, garantindo que sua experi\u00eancia no <strong data-end=\"4465\" data-start=\"4444\">Guia das Finan\u00e7as<\/strong> seja confi\u00e1vel, segura e transparente. Ao continuar navegando no site, voc\u00ea concorda com os termos desta Pol\u00edtica de Privacidade.<\/p>\n<p data-end=\"4785\" data-start=\"4599\"><strong data-end=\"4783\" data-start=\"4599\">Nosso objetivo \u00e9 oferecer um espa\u00e7o seguro para aprender, compartilhar e aplicar dicas financeiras, ajudando voc\u00ea a conquistar estabilidade e planejamento financeiro com confian\u00e7a.<\/strong><\/p>\n","protected":false},"excerpt":{"rendered":"<p>No Guia das Finan\u00e7as, a privacidade de nossos visitantes \u00e9 uma prioridade. Esta Pol\u00edtica de Privacidade explica quais informa\u00e7\u00f5es coletamos, [&hellip;]<\/p>\n","protected":false},"author":1,"featured_media":0,"parent":0,"menu_order":0,"comment_status":"closed","ping_status":"closed","template":"","meta":{"_uag_custom_page_level_css":"","site-sidebar-layout":"default","site-content-layout":"","ast-site-content-layout":"default","site-content-style":"default","site-sidebar-style":"default","ast-global-header-display":"","ast-banner-title-visibility":"","ast-main-header-display":"","ast-hfb-above-header-display":"","ast-hfb-below-header-display":"","ast-hfb-mobile-header-display":"","site-post-title":"","ast-breadcrumbs-content":"","ast-featured-img":"","footer-sml-layout":"","ast-disable-related-posts":"","theme-transparent-header-meta":"","adv-header-id-meta":"","stick-header-meta":"","header-above-stick-meta":"","header-main-stick-meta":"","header-below-stick-meta":"","astra-migrate-meta-layouts":"default","ast-page-background-enabled":"default","ast-page-background-meta":{"desktop":{"background-color":"var(--ast-global-color-5)","background-image":"","background-repeat":"repeat","background-position":"center center","background-size":"auto","background-attachment":"scroll","background-type":"","background-media":"","overlay-type":"","overlay-color":"","overlay-opacity":"","overlay-gradient":""},"tablet":{"background-color":"","background-image":"","background-repeat":"repeat","background-position":"center center","background-size":"auto","background-attachment":"scroll","background-type":"","background-media":"","overlay-type":"","overlay-color":"","overlay-opacity":"","overlay-gradient":""},"mobile":{"background-color":"","background-image":"","background-repeat":"repeat","background-position":"center center","background-size":"auto","background-attachment":"scroll","background-type":"","background-media":"","overlay-type":"","overlay-color":"","overlay-opacity":"","overlay-gradient":""}},"ast-content-background-meta":{"desktop":{"background-color":"var(--ast-global-color-4)","background-image":"","background-repeat":"repeat","background-position":"center center","background-size":"auto","background-attachment":"scroll","background-type":"","background-media":"","overlay-type":"","overlay-color":"","overlay-opacity":"","overlay-gradient":""},"tablet":{"background-color":"var(--ast-global-color-4)","background-image":"","background-repeat":"repeat","background-position":"center center","background-size":"auto","background-attachment":"scroll","background-type":"","background-media":"","overlay-type":"","overlay-color":"","overlay-opacity":"","overlay-gradient":""},"mobile":{"background-color":"var(--ast-global-color-4)","background-image":"","background-repeat":"repeat","background-position":"center center","background-size":"auto","background-attachment":"scroll","background-type":"","background-media":"","overlay-type":"","overlay-color":"","overlay-opacity":"","overlay-gradient":""}},"footnotes":""},"class_list":["post-1151","page","type-page","status-publish","hentry"],"uagb_featured_image_src":{"full":false,"thumbnail":false,"medium":false,"medium_large":false,"large":false,"1536x1536":false,"2048x2048":false,"woocommerce_thumbnail":false,"woocommerce_single":false,"woocommerce_gallery_thumbnail":false},"uagb_author_info":{"display_name":"camiloemerick042@gmail.com","author_link":"https:\/\/camiloafiliadosofertas.com\/author\/camiloemerick042gmail-com"},"uagb_comment_info":0,"uagb_excerpt":"No Guia das Finan\u00e7as, a privacidade de nossos visitantes \u00e9 uma prioridade. Esta Pol\u00edtica de Privacidade explica quais informa\u00e7\u00f5es coletamos, [&hellip;]","_links":{"self":[{"href":"https:\/\/camiloafiliadosofertas.com\/index.php?rest_route=\/wp\/v2\/pages\/1151","targetHints":{"allow":["GET"]}}],"collection":[{"href":"https:\/\/camiloafiliadosofertas.com\/index.php?rest_route=\/wp\/v2\/pages"}],"about":[{"href":"https:\/\/camiloafiliadosofertas.com\/index.php?rest_route=\/wp\/v2\/types\/page"}],"author":[{"embeddable":true,"href":"https:\/\/camiloafiliadosofertas.com\/index.php?rest_route=\/wp\/v2\/users\/1"}],"replies":[{"embeddable":true,"href":"https:\/\/camiloafiliadosofertas.com\/index.php?rest_route=%2Fwp%2Fv2%2Fcomments&post=1151"}],"version-history":[{"count":1,"href":"https:\/\/camiloafiliadosofertas.com\/index.php?rest_route=\/wp\/v2\/pages\/1151\/revisions"}],"predecessor-version":[{"id":1152,"href":"https:\/\/camiloafiliadosofertas.com\/index.php?rest_route=\/wp\/v2\/pages\/1151\/revisions\/1152"}],"wp:attachment":[{"href":"https:\/\/camiloafiliadosofertas.com\/index.php?rest_route=%2Fwp%2Fv2%2Fmedia&parent=1151"}],"curies":[{"name":"wp","href":"https:\/\/api.w.org\/{rel}","templated":true}]}}