{"id":237,"date":"2025-10-23T15:23:00","date_gmt":"2025-10-23T15:23:00","guid":{"rendered":"https:\/\/camiloafiliadosofertas.com\/?page_id=237"},"modified":"2026-02-15T02:08:03","modified_gmt":"2026-02-15T02:08:03","slug":"politica-de-cookies-guia-das-financas","status":"publish","type":"page","link":"https:\/\/camiloafiliadosofertas.com\/?page_id=237","title":{"rendered":"Pol\u00edtica de Cookies \u2013 Guia das Finan\u00e7as"},"content":{"rendered":"<p>No <strong data-end=\"304\" data-start=\"283\">Guia das Finan\u00e7as<\/strong>, utilizamos cookies para melhorar a experi\u00eancia do usu\u00e1rio, fornecer conte\u00fado personalizado e analisar o desempenho do site. Esta Pol\u00edtica de Cookies explica o que s\u00e3o cookies, como s\u00e3o usados, e como voc\u00ea pode gerenciar suas prefer\u00eancias.<\/p>\n<h3 data-end=\"578\" data-start=\"548\"><strong data-end=\"576\" data-start=\"552\">1. O que s\u00e3o cookies<\/strong><\/h3>\n<p data-end=\"831\" data-start=\"579\">Cookies s\u00e3o pequenos arquivos de texto que s\u00e3o armazenados em seu dispositivo quando voc\u00ea visita um site. Eles ajudam a <strong data-end=\"726\" data-start=\"699\">identificar o navegador<\/strong>, registrar suas prefer\u00eancias e fornecer informa\u00e7\u00f5es \u00fateis sobre a forma como voc\u00ea interage com o site.<\/p>\n<p data-end=\"871\" data-start=\"833\">Existem diferentes tipos de cookies:<\/p>\n<ul data-end=\"1340\" data-start=\"872\">\n<li data-end=\"987\" data-start=\"872\">\n<p data-end=\"987\" data-start=\"874\"><strong data-end=\"897\" data-start=\"874\">Cookies essenciais:<\/strong> necess\u00e1rios para o funcionamento do site, como acesso a p\u00e1ginas e envio de formul\u00e1rios;<\/p>\n<\/li>\n<li data-end=\"1116\" data-start=\"988\">\n<p data-end=\"1116\" data-start=\"990\"><strong data-end=\"1016\" data-start=\"990\">Cookies de desempenho:<\/strong> ajudam a analisar o comportamento do usu\u00e1rio, como p\u00e1ginas mais visitadas e tempo de perman\u00eancia;<\/p>\n<\/li>\n<li data-end=\"1208\" data-start=\"1117\">\n<p data-end=\"1208\" data-start=\"1119\"><strong data-end=\"1149\" data-start=\"1119\">Cookies de funcionalidade:<\/strong> armazenam prefer\u00eancias, como idioma ou layout escolhido;<\/p>\n<\/li>\n<li data-end=\"1340\" data-start=\"1209\">\n<p data-end=\"1340\" data-start=\"1211\"><strong data-end=\"1238\" data-start=\"1211\">Cookies de publicidade:<\/strong> utilizados para mostrar an\u00fancios relevantes e personalizados, incluindo an\u00fancios do Google AdSense.<\/p>\n<\/li>\n<\/ul>\n<h3 data-end=\"1374\" data-start=\"1342\"><strong data-end=\"1372\" data-start=\"1346\">2. Como usamos cookies<\/strong><\/h3>\n<p data-end=\"1437\" data-start=\"1375\">No <strong data-end=\"1399\" data-start=\"1378\">Guia das Finan\u00e7as<\/strong>, os cookies t\u00eam finalidades claras:<\/p>\n<ul data-end=\"1755\" data-start=\"1438\">\n<li data-end=\"1487\" data-start=\"1438\">\n<p data-end=\"1487\" data-start=\"1440\"><strong data-end=\"1484\" data-start=\"1440\">Garantir o funcionamento correto do site<\/strong>;<\/p>\n<\/li>\n<li data-end=\"1552\" data-start=\"1488\">\n<p data-end=\"1552\" data-start=\"1490\"><strong data-end=\"1514\" data-start=\"1490\">Melhorar a navega\u00e7\u00e3o<\/strong>, lembrando prefer\u00eancias do usu\u00e1rio;<\/p>\n<\/li>\n<li data-end=\"1643\" data-start=\"1553\">\n<p data-end=\"1643\" data-start=\"1555\"><strong data-end=\"1590\" data-start=\"1555\">Analisar o tr\u00e1fego e desempenho<\/strong>, ajudando a identificar oportunidades de melhoria;<\/p>\n<\/li>\n<li data-end=\"1755\" data-start=\"1644\">\n<p data-end=\"1755\" data-start=\"1646\"><strong data-end=\"1676\" data-start=\"1646\">Exibir an\u00fancios relevantes<\/strong>, permitindo que o blog continue oferecendo conte\u00fado gratuito e de qualidade.<\/p>\n<\/li>\n<\/ul>\n<p data-end=\"1955\" data-start=\"1757\">Os dados coletados pelos cookies s\u00e3o <strong data-end=\"1806\" data-start=\"1794\">an\u00f4nimos<\/strong> e n\u00e3o identificam pessoalmente o usu\u00e1rio. O uso dessas informa\u00e7\u00f5es \u00e9 restrito ao objetivo de <strong data-end=\"1952\" data-start=\"1900\">melhorar a experi\u00eancia e a qualidade do conte\u00fado<\/strong>.<\/p>\n<h3 data-end=\"1990\" data-start=\"1957\"><strong data-end=\"1988\" data-start=\"1961\">3. Cookies de terceiros<\/strong><\/h3>\n<p data-end=\"2202\" data-start=\"1991\">Nosso blog utiliza servi\u00e7os de terceiros que podem usar cookies em nosso site. O principal exemplo \u00e9 o <strong data-end=\"2112\" data-start=\"2094\">Google AdSense<\/strong>, que exibe an\u00fancios personalizados com base em visitas anteriores ou interesses gerais.<\/p>\n<p data-end=\"2388\" data-start=\"2204\">O Google tem sua pr\u00f3pria Pol\u00edtica de Cookies, e voc\u00ea pode consultar mais informa\u00e7\u00f5es em: <a class=\"decorated-link cursor-pointer\" data-end=\"2385\" data-start=\"2293\" href=\"https:\/\/policies.google.com\/technologies\/ads\" rel=\"noopener\" target=\"_new\">https:\/\/policies.google.com\/technologies\/ads<span aria-hidden=\"true\" class=\"ms-0.5 inline-block align-middle leading-none\"><\/span><\/a>.<\/p>\n<p data-end=\"2578\" data-start=\"2390\">Al\u00e9m disso, outros servi\u00e7os de an\u00e1lise, como Google Analytics, podem coletar dados sobre o comportamento do usu\u00e1rio para gerar relat\u00f3rios estat\u00edsticos sobre visitas e desempenho do blog.<\/p>\n<h3 data-end=\"2628\" data-start=\"2580\"><strong data-end=\"2626\" data-start=\"2584\">4. Controle e gerenciamento de cookies<\/strong><\/h3>\n<p data-end=\"2742\" data-start=\"2629\">Voc\u00ea tem o direito de decidir se deseja aceitar ou recusar cookies. A maioria dos navegadores permite que voc\u00ea:<\/p>\n<ul data-end=\"2890\" data-start=\"2743\">\n<li data-end=\"2799\" data-start=\"2743\">\n<p data-end=\"2799\" data-start=\"2745\">Bloqueie cookies temporariamente ou permanentemente;<\/p>\n<\/li>\n<li data-end=\"2834\" data-start=\"2800\">\n<p data-end=\"2834\" data-start=\"2802\">Apague cookies j\u00e1 armazenados;<\/p>\n<\/li>\n<li data-end=\"2890\" data-start=\"2835\">\n<p data-end=\"2890\" data-start=\"2837\">Configure alertas sempre que um cookie for enviado.<\/p>\n<\/li>\n<\/ul>\n<p data-end=\"3038\" data-start=\"2892\">Ao desativar cookies, algumas funcionalidades do site podem n\u00e3o funcionar corretamente, como login em \u00e1reas restritas ou formul\u00e1rios de contato.<\/p>\n<p data-end=\"3145\" data-start=\"3040\">Para mais informa\u00e7\u00f5es sobre como gerenciar cookies, voc\u00ea pode consultar as instru\u00e7\u00f5es do seu navegador:<\/p>\n<ul data-end=\"3550\" data-start=\"3146\">\n<li data-end=\"3265\" data-start=\"3146\">\n<p data-end=\"3265\" data-start=\"3148\"><strong data-end=\"3165\" data-start=\"3148\">Google Chrome<\/strong>:<a href=\"https:\/\/support.google.com\/chrome\/answer\/95647\" target=\"_blank\" rel=\"noopener\"> https:\/\/support.google.com\/chrome\/answer\/95647<\/a><a class=\"decorated-link cursor-pointer\" data-end=\"3263\" data-start=\"3167\" rel=\"noopener\" target=\"_new\"><span aria-hidden=\"true\" class=\"ms-0.5 inline-block align-middle leading-none\"><\/span><\/a><\/p>\n<\/li>\n<li data-end=\"3421\" data-start=\"3266\">\n<p data-end=\"3421\" data-start=\"3268\"><strong data-end=\"3287\" data-start=\"3268\">Mozilla Firefox<\/strong>:<a href=\"https:\/\/support.mozilla.org\/pt-BR\/kb\/ativar-e-desativar-cookies\" target=\"_blank\" rel=\"noopener\"> https:\/\/support.mozilla.org\/pt-BR\/kb\/ativar-e-desativar-cookies<\/a><a class=\"decorated-link cursor-pointer\" data-end=\"3419\" data-start=\"3289\" rel=\"noopener\" target=\"_new\"><span aria-hidden=\"true\" class=\"ms-0.5 inline-block align-middle leading-none\"><\/span><\/a><\/p>\n<\/li>\n<li data-end=\"3550\" data-start=\"3422\">\n<p data-end=\"3550\" data-start=\"3424\"><strong data-end=\"3442\" data-start=\"3424\">Microsoft Edge<\/strong>:<a href=\"https:\/\/support.microsoft.com\/pt-br\/microsoft-edge\" target=\"_blank\" rel=\"noopener\"> https:\/\/support.microsoft.com\/pt-br\/microsoft-edge<\/a><a class=\"decorated-link cursor-pointer\" data-end=\"3548\" data-start=\"3444\" rel=\"noopener\" target=\"_new\"><span aria-hidden=\"true\" class=\"ms-0.5 inline-block align-middle leading-none\"><\/span><\/a><\/p>\n<\/li>\n<\/ul>\n<h3 data-end=\"3578\" data-start=\"3552\"><strong data-end=\"3576\" data-start=\"3556\">5. Consentimento<\/strong><\/h3>\n<p data-end=\"3843\" data-start=\"3579\">Ao continuar a navegar no <strong data-end=\"3626\" data-start=\"3605\">Guia das Finan\u00e7as<\/strong>, voc\u00ea consente com o uso de cookies conforme descrito nesta pol\u00edtica. Se desejar alterar suas prefer\u00eancias, voc\u00ea pode ajustar as configura\u00e7\u00f5es do navegador ou clicar nas op\u00e7\u00f5es de consentimento dispon\u00edveis no site.<\/p>\n<h3 data-end=\"3893\" data-start=\"3845\"><strong data-end=\"3891\" data-start=\"3849\">6. Atualiza\u00e7\u00f5es da Pol\u00edtica de Cookies<\/strong><\/h3>\n<p data-end=\"4128\" data-start=\"3894\">Podemos atualizar esta pol\u00edtica periodicamente para refletir mudan\u00e7as legais, regulat\u00f3rias ou operacionais. Sempre que houver altera\u00e7\u00f5es significativas, publicaremos a vers\u00e3o atualizada no blog, garantindo transpar\u00eancia e seguran\u00e7a.<\/p>\n<p data-end=\"4474\" data-start=\"4150\">A utiliza\u00e7\u00e3o de cookies permite que o <strong data-end=\"4209\" data-start=\"4188\">Guia das Finan\u00e7as<\/strong> ofere\u00e7a uma experi\u00eancia personalizada, an\u00fancios relevantes e conte\u00fado de qualidade. Nosso compromisso \u00e9 com a <strong data-end=\"4365\" data-start=\"4320\">transpar\u00eancia e a prote\u00e7\u00e3o da privacidade<\/strong> de todos os visitantes. Ao continuar a usar o blog, voc\u00ea concorda com os termos desta Pol\u00edtica de Cookies.<\/p>\n<p data-end=\"4667\" data-start=\"4476\"><strong data-end=\"4665\" data-start=\"4476\">Nosso objetivo \u00e9 proporcionar um ambiente seguro, confi\u00e1vel e otimizado para que voc\u00ea aprenda a gerenciar suas finan\u00e7as de forma eficiente, sem comprometer sua privacidade ou seguran\u00e7a.<\/strong><\/p>\n","protected":false},"excerpt":{"rendered":"<p>No Guia das Finan\u00e7as, utilizamos cookies para melhorar a experi\u00eancia do usu\u00e1rio, fornecer conte\u00fado personalizado e analisar o desempenho do [&hellip;]<\/p>\n","protected":false},"author":1,"featured_media":0,"parent":0,"menu_order":0,"comment_status":"closed","ping_status":"closed","template":"","meta":{"_uag_custom_page_level_css":"","site-sidebar-layout":"default","site-content-layout":"","ast-site-content-layout":"default","site-content-style":"default","site-sidebar-style":"default","ast-global-header-display":"","ast-banner-title-visibility":"","ast-main-header-display":"","ast-hfb-above-header-display":"","ast-hfb-below-header-display":"","ast-hfb-mobile-header-display":"","site-post-title":"","ast-breadcrumbs-content":"","ast-featured-img":"","footer-sml-layout":"","ast-disable-related-posts":"","theme-transparent-header-meta":"","adv-header-id-meta":"","stick-header-meta":"","header-above-stick-meta":"","header-main-stick-meta":"","header-below-stick-meta":"","astra-migrate-meta-layouts":"default","ast-page-background-enabled":"default","ast-page-background-meta":{"desktop":{"background-color":"var(--ast-global-color-5)","background-image":"","background-repeat":"repeat","background-position":"center center","background-size":"auto","background-attachment":"scroll","background-type":"","background-media":"","overlay-type":"","overlay-color":"","overlay-opacity":"","overlay-gradient":""},"tablet":{"background-color":"","background-image":"","background-repeat":"repeat","background-position":"center center","background-size":"auto","background-attachment":"scroll","background-type":"","background-media":"","overlay-type":"","overlay-color":"","overlay-opacity":"","overlay-gradient":""},"mobile":{"background-color":"","background-image":"","background-repeat":"repeat","background-position":"center center","background-size":"auto","background-attachment":"scroll","background-type":"","background-media":"","overlay-type":"","overlay-color":"","overlay-opacity":"","overlay-gradient":""}},"ast-content-background-meta":{"desktop":{"background-color":"var(--ast-global-color-4)","background-image":"","background-repeat":"repeat","background-position":"center center","background-size":"auto","background-attachment":"scroll","background-type":"","background-media":"","overlay-type":"","overlay-color":"","overlay-opacity":"","overlay-gradient":""},"tablet":{"background-color":"var(--ast-global-color-4)","background-image":"","background-repeat":"repeat","background-position":"center center","background-size":"auto","background-attachment":"scroll","background-type":"","background-media":"","overlay-type":"","overlay-color":"","overlay-opacity":"","overlay-gradient":""},"mobile":{"background-color":"var(--ast-global-color-4)","background-image":"","background-repeat":"repeat","background-position":"center center","background-size":"auto","background-attachment":"scroll","background-type":"","background-media":"","overlay-type":"","overlay-color":"","overlay-opacity":"","overlay-gradient":""}},"footnotes":""},"class_list":["post-237","page","type-page","status-publish","hentry"],"uagb_featured_image_src":{"full":false,"thumbnail":false,"medium":false,"medium_large":false,"large":false,"1536x1536":false,"2048x2048":false,"woocommerce_thumbnail":false,"woocommerce_single":false,"woocommerce_gallery_thumbnail":false},"uagb_author_info":{"display_name":"camiloemerick042@gmail.com","author_link":"https:\/\/camiloafiliadosofertas.com\/author\/camiloemerick042gmail-com"},"uagb_comment_info":0,"uagb_excerpt":"No Guia das Finan\u00e7as, utilizamos cookies para melhorar a experi\u00eancia do usu\u00e1rio, fornecer conte\u00fado personalizado e analisar o desempenho do [&hellip;]","_links":{"self":[{"href":"https:\/\/camiloafiliadosofertas.com\/index.php?rest_route=\/wp\/v2\/pages\/237","targetHints":{"allow":["GET"]}}],"collection":[{"href":"https:\/\/camiloafiliadosofertas.com\/index.php?rest_route=\/wp\/v2\/pages"}],"about":[{"href":"https:\/\/camiloafiliadosofertas.com\/index.php?rest_route=\/wp\/v2\/types\/page"}],"author":[{"embeddable":true,"href":"https:\/\/camiloafiliadosofertas.com\/index.php?rest_route=\/wp\/v2\/users\/1"}],"replies":[{"embeddable":true,"href":"https:\/\/camiloafiliadosofertas.com\/index.php?rest_route=%2Fwp%2Fv2%2Fcomments&post=237"}],"version-history":[{"count":1,"href":"https:\/\/camiloafiliadosofertas.com\/index.php?rest_route=\/wp\/v2\/pages\/237\/revisions"}],"predecessor-version":[{"id":238,"href":"https:\/\/camiloafiliadosofertas.com\/index.php?rest_route=\/wp\/v2\/pages\/237\/revisions\/238"}],"wp:attachment":[{"href":"https:\/\/camiloafiliadosofertas.com\/index.php?rest_route=%2Fwp%2Fv2%2Fmedia&parent=237"}],"curies":[{"name":"wp","href":"https:\/\/api.w.org\/{rel}","templated":true}]}}