{"id":256,"date":"2025-10-23T15:22:00","date_gmt":"2025-10-23T15:22:00","guid":{"rendered":"https:\/\/camiloafiliadosofertas.com\/?page_id=256"},"modified":"2026-02-15T02:09:47","modified_gmt":"2026-02-15T02:09:47","slug":"termos-de-uso-guia-das-financas","status":"publish","type":"page","link":"https:\/\/camiloafiliadosofertas.com\/?page_id=256","title":{"rendered":"Termos de Uso \u2013 Guia das Finan\u00e7as"},"content":{"rendered":"<p>Bem-vindo ao <strong data-end=\"304\" data-start=\"283\">Guia das Finan\u00e7as<\/strong>. Ao acessar ou utilizar nosso blog, voc\u00ea concorda com os termos e condi\u00e7\u00f5es descritos nesta p\u00e1gina. Caso n\u00e3o concorde com algum dos termos, pedimos que n\u00e3o utilize o site.<\/p>\n<h3 data-end=\"508\" data-start=\"480\"><strong data-end=\"506\" data-start=\"484\">1. Uso do conte\u00fado<\/strong><\/h3>\n<p data-end=\"807\" data-start=\"509\">Todo o conte\u00fado publicado no <strong data-end=\"559\" data-start=\"538\">Guia das Finan\u00e7as<\/strong>, incluindo textos, imagens, gr\u00e1ficos e v\u00eddeos, \u00e9 de propriedade do blog ou de seus respectivos autores. O conte\u00fado tem <strong data-end=\"732\" data-start=\"679\">finalidade exclusivamente informativa e educativa<\/strong>, destinado a orientar sobre finan\u00e7as pessoais, economia e investimentos.<\/p>\n<p data-end=\"821\" data-start=\"809\">Voc\u00ea pode:<\/p>\n<ul data-end=\"1013\" data-start=\"822\">\n<li data-end=\"870\" data-start=\"822\">\n<p data-end=\"870\" data-start=\"824\">Ler e compartilhar artigos para uso pessoal;<\/p>\n<\/li>\n<li data-end=\"1013\" data-start=\"871\">\n<p data-end=\"1013\" data-start=\"873\">Compartilhar links para os artigos em redes sociais ou outros sites, desde que seja mantida a integridade do conte\u00fado e o cr\u00e9dito ao blog.<\/p>\n<\/li>\n<\/ul>\n<p data-end=\"1031\" data-start=\"1015\">Voc\u00ea n\u00e3o pode:<\/p>\n<ul data-end=\"1248\" data-start=\"1032\">\n<li data-end=\"1153\" data-start=\"1032\">\n<p data-end=\"1153\" data-start=\"1034\">Copiar, reproduzir, distribuir, modificar ou utilizar qualquer conte\u00fado com fins comerciais sem autoriza\u00e7\u00e3o expressa;<\/p>\n<\/li>\n<li data-end=\"1248\" data-start=\"1154\">\n<p data-end=\"1248\" data-start=\"1156\">Publicar ou divulgar conte\u00fado de forma que prejudique a reputa\u00e7\u00e3o do blog ou de terceiros.<\/p>\n<\/li>\n<\/ul>\n<h3 data-end=\"1297\" data-start=\"1250\"><strong data-end=\"1295\" data-start=\"1254\">2. Responsabilidade pelas informa\u00e7\u00f5es<\/strong><\/h3>\n<p data-end=\"1643\" data-start=\"1298\">O <strong data-end=\"1321\" data-start=\"1300\">Guia das Finan\u00e7as<\/strong> se esfor\u00e7a para fornecer informa\u00e7\u00f5es precisas, atualizadas e confi\u00e1veis. No entanto, <strong data-end=\"1476\" data-start=\"1407\">n\u00e3o garantimos a total precis\u00e3o ou aplicabilidade das informa\u00e7\u00f5es<\/strong> para todas as situa\u00e7\u00f5es. O uso das informa\u00e7\u00f5es \u00e9 de <strong data-end=\"1560\" data-start=\"1529\">responsabilidade do usu\u00e1rio<\/strong>, que deve avaliar se as sugest\u00f5es ou dicas s\u00e3o adequadas ao seu caso espec\u00edfico.<\/p>\n<p data-end=\"1680\" data-start=\"1645\">O blog n\u00e3o se responsabiliza por:<\/p>\n<ul data-end=\"1866\" data-start=\"1681\">\n<li data-end=\"1755\" data-start=\"1681\">\n<p data-end=\"1755\" data-start=\"1683\">Resultados financeiros individuais decorrentes da aplica\u00e7\u00e3o das dicas;<\/p>\n<\/li>\n<li data-end=\"1821\" data-start=\"1756\">\n<p data-end=\"1821\" data-start=\"1758\">Perdas, danos ou preju\u00edzos causados pelo uso das informa\u00e7\u00f5es;<\/p>\n<\/li>\n<li data-end=\"1866\" data-start=\"1822\">\n<p data-end=\"1866\" data-start=\"1824\">Erros ou omiss\u00f5es no conte\u00fado publicado.<\/p>\n<\/li>\n<\/ul>\n<h3 data-end=\"1902\" data-start=\"1868\"><strong data-end=\"1900\" data-start=\"1872\">3. Servi\u00e7os de terceiros<\/strong><\/h3>\n<p data-end=\"2214\" data-start=\"1903\">Nosso blog pode conter links para sites de terceiros, parceiros ou servi\u00e7os recomendados, como aplicativos de controle financeiro ou plataformas de investimento. Esses links s\u00e3o fornecidos apenas como refer\u00eancia. N\u00e3o nos responsabilizamos pelo conte\u00fado, pol\u00edticas de privacidade ou pr\u00e1ticas de sites externos.<\/p>\n<h3 data-end=\"2252\" data-start=\"2216\"><strong data-end=\"2250\" data-start=\"2220\">4. Coment\u00e1rios e intera\u00e7\u00e3o<\/strong><\/h3>\n<p data-end=\"2429\" data-start=\"2253\">O <strong data-end=\"2276\" data-start=\"2255\">Guia das Finan\u00e7as<\/strong> permite coment\u00e1rios e intera\u00e7\u00e3o em artigos e postagens. Para manter um ambiente seguro e respeitoso, pedimos que todos os usu\u00e1rios sigam estas regras:<\/p>\n<ul data-end=\"2694\" data-start=\"2430\">\n<li data-end=\"2510\" data-start=\"2430\">\n<p data-end=\"2510\" data-start=\"2432\">Coment\u00e1rios ofensivos, discriminat\u00f3rios ou que violem a lei ser\u00e3o removidos;<\/p>\n<\/li>\n<li data-end=\"2613\" data-start=\"2511\">\n<p data-end=\"2613\" data-start=\"2513\">\u00c9 proibido divulgar spam, links promocionais n\u00e3o autorizados ou informa\u00e7\u00f5es pessoais de terceiros;<\/p>\n<\/li>\n<li data-end=\"2694\" data-start=\"2614\">\n<p data-end=\"2694\" data-start=\"2616\">O blog se reserva o direito de remover qualquer coment\u00e1rio sem aviso pr\u00e9vio.<\/p>\n<\/li>\n<\/ul>\n<h3 data-end=\"2732\" data-start=\"2696\"><strong data-end=\"2730\" data-start=\"2700\">5. Propriedade intelectual<\/strong><\/h3>\n<p data-end=\"2945\" data-start=\"2733\">Todo o conte\u00fado do <strong data-end=\"2773\" data-start=\"2752\">Guia das Finan\u00e7as<\/strong> \u00e9 protegido por direitos autorais e legisla\u00e7\u00e3o de propriedade intelectual. \u00c9 proibido reproduzir, distribuir ou comercializar qualquer material sem autoriza\u00e7\u00e3o expressa.<\/p>\n<h3 data-end=\"2988\" data-start=\"2947\"><strong data-end=\"2986\" data-start=\"2951\">6. Altera\u00e7\u00f5es nos termos de uso<\/strong><\/h3>\n<p data-end=\"3294\" data-start=\"2989\">Podemos atualizar os Termos de Uso periodicamente para refletir mudan\u00e7as legais, regulat\u00f3rias ou operacionais. As altera\u00e7\u00f5es entram em vigor imediatamente ap\u00f3s a publica\u00e7\u00e3o no blog. Recomendamos que voc\u00ea consulte esta p\u00e1gina regularmente para se manter informado sobre seus direitos e responsabilidades.<\/p>\n<h3 data-end=\"3329\" data-start=\"3296\"><strong data-end=\"3327\" data-start=\"3300\">7. Pol\u00edtica de an\u00fancios<\/strong><\/h3>\n<p data-end=\"3731\" data-start=\"3330\">Nosso blog exibe an\u00fancios do <strong data-end=\"3377\" data-start=\"3359\">Google AdSense<\/strong> para manter o conte\u00fado gratuito e de qualidade. Os an\u00fancios podem ser personalizados com base na navega\u00e7\u00e3o do usu\u00e1rio e em interesses gerais. Ao utilizar o site, voc\u00ea concorda com a presen\u00e7a desses an\u00fancios e com as pol\u00edticas do Google. Para mais informa\u00e7\u00f5es, consulte <a class=\"decorated-link cursor-pointer\" data-end=\"3728\" data-start=\"3647\" href=\"https:\/\/policies.google.com\/privacy?hl=pt-BR\" rel=\"noopener\" target=\"_new\">Pol\u00edtica de Privacidade do Google<span aria-hidden=\"true\" class=\"ms-0.5 inline-block align-middle leading-none\"><\/span><\/a>.<\/p>\n<h3 data-end=\"3775\" data-start=\"3733\"><strong data-end=\"3773\" data-start=\"3737\">8. Limita\u00e7\u00e3o de responsabilidade<\/strong><\/h3>\n<p data-end=\"4073\" data-start=\"3776\">O <strong data-end=\"3799\" data-start=\"3778\">Guia das Finan\u00e7as<\/strong> n\u00e3o oferece aconselhamento financeiro individual. As informa\u00e7\u00f5es disponibilizadas s\u00e3o de car\u00e1ter <strong data-end=\"3924\" data-start=\"3897\">educativo e informativo<\/strong>. Para decis\u00f5es financeiras espec\u00edficas, \u00e9 recomendado consultar profissionais qualificados, como contadores, consultores financeiros ou advogados.<\/p>\n<h3 data-end=\"4095\" data-start=\"4075\"><strong data-end=\"4093\" data-start=\"4079\">9. Contato<\/strong><\/h3>\n<p data-end=\"4377\" data-start=\"4096\">Em caso de d\u00favidas sobre estes Termos de Uso, entre em contato conosco atrav\u00e9s da p\u00e1gina de <strong data-end=\"4199\" data-start=\"4188\">Contato<\/strong> ou pelo e-mail oficial do blog. Respondemos com transpar\u00eancia e rapidez para garantir que todos os visitantes compreendam suas responsabilidades e direitos ao utilizar o site.<\/p>\n<p data-end=\"4693\" data-start=\"4384\">\nAo acessar o <strong data-end=\"4435\" data-start=\"4414\">Guia das Finan\u00e7as<\/strong>, voc\u00ea concorda com todos os termos acima e se compromete a utilizar o conte\u00fado de forma \u00e9tica e respons\u00e1vel. Nosso objetivo \u00e9 <strong data-end=\"4618\" data-start=\"4562\">proporcionar um espa\u00e7o seguro, educativo e confi\u00e1vel<\/strong>, ajudando voc\u00ea a melhorar sua vida financeira com seguran\u00e7a e confian\u00e7a.<\/p>\n","protected":false},"excerpt":{"rendered":"<p>Bem-vindo ao Guia das Finan\u00e7as. Ao acessar ou utilizar nosso blog, voc\u00ea concorda com os termos e condi\u00e7\u00f5es descritos nesta [&hellip;]<\/p>\n","protected":false},"author":1,"featured_media":0,"parent":0,"menu_order":0,"comment_status":"closed","ping_status":"closed","template":"","meta":{"_uag_custom_page_level_css":"","site-sidebar-layout":"default","site-content-layout":"","ast-site-content-layout":"default","site-content-style":"default","site-sidebar-style":"default","ast-global-header-display":"","ast-banner-title-visibility":"","ast-main-header-display":"","ast-hfb-above-header-display":"","ast-hfb-below-header-display":"","ast-hfb-mobile-header-display":"","site-post-title":"","ast-breadcrumbs-content":"","ast-featured-img":"","footer-sml-layout":"","ast-disable-related-posts":"","theme-transparent-header-meta":"","adv-header-id-meta":"","stick-header-meta":"","header-above-stick-meta":"","header-main-stick-meta":"","header-below-stick-meta":"","astra-migrate-meta-layouts":"default","ast-page-background-enabled":"default","ast-page-background-meta":{"desktop":{"background-color":"var(--ast-global-color-5)","background-image":"","background-repeat":"repeat","background-position":"center center","background-size":"auto","background-attachment":"scroll","background-type":"","background-media":"","overlay-type":"","overlay-color":"","overlay-opacity":"","overlay-gradient":""},"tablet":{"background-color":"","background-image":"","background-repeat":"repeat","background-position":"center center","background-size":"auto","background-attachment":"scroll","background-type":"","background-media":"","overlay-type":"","overlay-color":"","overlay-opacity":"","overlay-gradient":""},"mobile":{"background-color":"","background-image":"","background-repeat":"repeat","background-position":"center center","background-size":"auto","background-attachment":"scroll","background-type":"","background-media":"","overlay-type":"","overlay-color":"","overlay-opacity":"","overlay-gradient":""}},"ast-content-background-meta":{"desktop":{"background-color":"var(--ast-global-color-4)","background-image":"","background-repeat":"repeat","background-position":"center center","background-size":"auto","background-attachment":"scroll","background-type":"","background-media":"","overlay-type":"","overlay-color":"","overlay-opacity":"","overlay-gradient":""},"tablet":{"background-color":"var(--ast-global-color-4)","background-image":"","background-repeat":"repeat","background-position":"center center","background-size":"auto","background-attachment":"scroll","background-type":"","background-media":"","overlay-type":"","overlay-color":"","overlay-opacity":"","overlay-gradient":""},"mobile":{"background-color":"var(--ast-global-color-4)","background-image":"","background-repeat":"repeat","background-position":"center center","background-size":"auto","background-attachment":"scroll","background-type":"","background-media":"","overlay-type":"","overlay-color":"","overlay-opacity":"","overlay-gradient":""}},"footnotes":""},"class_list":["post-256","page","type-page","status-publish","hentry"],"uagb_featured_image_src":{"full":false,"thumbnail":false,"medium":false,"medium_large":false,"large":false,"1536x1536":false,"2048x2048":false,"woocommerce_thumbnail":false,"woocommerce_single":false,"woocommerce_gallery_thumbnail":false},"uagb_author_info":{"display_name":"camiloemerick042@gmail.com","author_link":"https:\/\/camiloafiliadosofertas.com\/author\/camiloemerick042gmail-com"},"uagb_comment_info":0,"uagb_excerpt":"Bem-vindo ao Guia das Finan\u00e7as. Ao acessar ou utilizar nosso blog, voc\u00ea concorda com os termos e condi\u00e7\u00f5es descritos nesta [&hellip;]","_links":{"self":[{"href":"https:\/\/camiloafiliadosofertas.com\/index.php?rest_route=\/wp\/v2\/pages\/256","targetHints":{"allow":["GET"]}}],"collection":[{"href":"https:\/\/camiloafiliadosofertas.com\/index.php?rest_route=\/wp\/v2\/pages"}],"about":[{"href":"https:\/\/camiloafiliadosofertas.com\/index.php?rest_route=\/wp\/v2\/types\/page"}],"author":[{"embeddable":true,"href":"https:\/\/camiloafiliadosofertas.com\/index.php?rest_route=\/wp\/v2\/users\/1"}],"replies":[{"embeddable":true,"href":"https:\/\/camiloafiliadosofertas.com\/index.php?rest_route=%2Fwp%2Fv2%2Fcomments&post=256"}],"version-history":[{"count":1,"href":"https:\/\/camiloafiliadosofertas.com\/index.php?rest_route=\/wp\/v2\/pages\/256\/revisions"}],"predecessor-version":[{"id":257,"href":"https:\/\/camiloafiliadosofertas.com\/index.php?rest_route=\/wp\/v2\/pages\/256\/revisions\/257"}],"wp:attachment":[{"href":"https:\/\/camiloafiliadosofertas.com\/index.php?rest_route=%2Fwp%2Fv2%2Fmedia&parent=256"}],"curies":[{"name":"wp","href":"https:\/\/api.w.org\/{rel}","templated":true}]}}