{"id":72,"date":"2026-01-10T18:35:01","date_gmt":"2026-01-10T18:35:01","guid":{"rendered":"https:\/\/dimgrey-dunlin-234767.hostingersite.com\/?page_id=72"},"modified":"2026-01-10T18:35:02","modified_gmt":"2026-01-10T18:35:02","slug":"%f0%9f%a7%a0-sobre-nos","status":"publish","type":"page","link":"https:\/\/camiloafiliadosofertas.com\/?page_id=72","title":{"rendered":"\ud83e\udde0 SOBRE N\u00d3S"},"content":{"rendered":"\n<p>Bem-vindo \u00e0 <strong>Celulares &amp; PCsI<\/strong> \ud83d\ude80<\/p>\n\n\n\n<p>A <strong>Celulares &amp; PCsI<\/strong> nasceu com o prop\u00f3sito de facilitar o acesso \u00e0s <strong>melhores ofertas em eletr\u00f4nicos<\/strong>, reunindo em um s\u00f3 lugar produtos como <strong>celulares, computadores, notebooks, acess\u00f3rios e tecnologia em geral<\/strong>.<\/p>\n\n\n\n<p>Somos uma loja virtual desenvolvida em <strong>WordPress + WooCommerce<\/strong>, focada em <strong>curadoria de produtos<\/strong>, ajudando voc\u00ea a economizar tempo e encontrar op\u00e7\u00f5es confi\u00e1veis em grandes marketplaces como Amazon e Mercado Livre.<\/p>\n\n\n\n<h2 class=\"wp-block-heading\">Nosso Nicho<\/h2>\n\n\n\n<p>\ud83d\udcf1\ud83d\udcbb <strong>Eletr\u00f4nicos<\/strong><br>Trabalhamos com conte\u00fados informativos, comparativos e indica\u00e7\u00f5es de produtos tecnol\u00f3gicos para o dia a dia, estudos, trabalho e entretenimento.<\/p>\n\n\n\n<h2 class=\"wp-block-heading\">Nosso Compromisso<\/h2>\n\n\n\n<ul class=\"wp-block-list\">\n<li>Informa\u00e7\u00e3o clara e objetiva<\/li>\n\n\n\n<li>Transpar\u00eancia com links afiliados<\/li>\n\n\n\n<li>Foco na melhor experi\u00eancia do usu\u00e1rio<\/li>\n\n\n\n<li>Atualiza\u00e7\u00e3o constante de ofertas e conte\u00fados<\/li>\n<\/ul>\n\n\n\n<h2 class=\"wp-block-heading\">Contato<\/h2>\n\n\n\n<p>\ud83d\udce7 <strong><a>camiloemerick042@gmail.com<\/a><\/strong><br>\ud83c\udf10 <strong><a href=\"https:\/\/camiloafiliadosofertas.com\/I\">https:\/\/camiloafiliadosofertas.com\/I<\/a><\/strong><\/p>\n","protected":false},"excerpt":{"rendered":"<p>Bem-vindo \u00e0 Celulares &amp; PCsI \ud83d\ude80 A Celulares &amp; PCsI nasceu com o prop\u00f3sito de facilitar o acesso \u00e0s melhores [&hellip;]<\/p>\n","protected":false},"author":1,"featured_media":0,"parent":0,"menu_order":0,"comment_status":"closed","ping_status":"closed","template":"","meta":{"_uag_custom_page_level_css":"","site-sidebar-layout":"default","site-content-layout":"","ast-site-content-layout":"default","site-content-style":"default","site-sidebar-style":"default","ast-global-header-display":"","ast-banner-title-visibility":"","ast-main-header-display":"","ast-hfb-above-header-display":"","ast-hfb-below-header-display":"","ast-hfb-mobile-header-display":"","site-post-title":"","ast-breadcrumbs-content":"","ast-featured-img":"","footer-sml-layout":"","ast-disable-related-posts":"","theme-transparent-header-meta":"","adv-header-id-meta":"","stick-header-meta":"","header-above-stick-meta":"","header-main-stick-meta":"","header-below-stick-meta":"","astra-migrate-meta-layouts":"default","ast-page-background-enabled":"default","ast-page-background-meta":{"desktop":{"background-color":"var(--ast-global-color-5)","background-image":"","background-repeat":"repeat","background-position":"center center","background-size":"auto","background-attachment":"scroll","background-type":"","background-media":"","overlay-type":"","overlay-color":"","overlay-opacity":"","overlay-gradient":""},"tablet":{"background-color":"","background-image":"","background-repeat":"repeat","background-position":"center center","background-size":"auto","background-attachment":"scroll","background-type":"","background-media":"","overlay-type":"","overlay-color":"","overlay-opacity":"","overlay-gradient":""},"mobile":{"background-color":"","background-image":"","background-repeat":"repeat","background-position":"center center","background-size":"auto","background-attachment":"scroll","background-type":"","background-media":"","overlay-type":"","overlay-color":"","overlay-opacity":"","overlay-gradient":""}},"ast-content-background-meta":{"desktop":{"background-color":"var(--ast-global-color-4)","background-image":"","background-repeat":"repeat","background-position":"center center","background-size":"auto","background-attachment":"scroll","background-type":"","background-media":"","overlay-type":"","overlay-color":"","overlay-opacity":"","overlay-gradient":""},"tablet":{"background-color":"var(--ast-global-color-4)","background-image":"","background-repeat":"repeat","background-position":"center center","background-size":"auto","background-attachment":"scroll","background-type":"","background-media":"","overlay-type":"","overlay-color":"","overlay-opacity":"","overlay-gradient":""},"mobile":{"background-color":"var(--ast-global-color-4)","background-image":"","background-repeat":"repeat","background-position":"center center","background-size":"auto","background-attachment":"scroll","background-type":"","background-media":"","overlay-type":"","overlay-color":"","overlay-opacity":"","overlay-gradient":""}},"footnotes":""},"class_list":["post-72","page","type-page","status-publish","hentry"],"uagb_featured_image_src":{"full":false,"thumbnail":false,"medium":false,"medium_large":false,"large":false,"1536x1536":false,"2048x2048":false,"woocommerce_thumbnail":false,"woocommerce_single":false,"woocommerce_gallery_thumbnail":false},"uagb_author_info":{"display_name":"camiloemerick042@gmail.com","author_link":"https:\/\/camiloafiliadosofertas.com\/author\/camiloemerick042gmail-com"},"uagb_comment_info":0,"uagb_excerpt":"Bem-vindo \u00e0 Celulares &amp; PCsI \ud83d\ude80 A Celulares &amp; PCsI nasceu com o prop\u00f3sito de facilitar o acesso \u00e0s melhores [&hellip;]","_links":{"self":[{"href":"https:\/\/camiloafiliadosofertas.com\/index.php?rest_route=\/wp\/v2\/pages\/72","targetHints":{"allow":["GET"]}}],"collection":[{"href":"https:\/\/camiloafiliadosofertas.com\/index.php?rest_route=\/wp\/v2\/pages"}],"about":[{"href":"https:\/\/camiloafiliadosofertas.com\/index.php?rest_route=\/wp\/v2\/types\/page"}],"author":[{"embeddable":true,"href":"https:\/\/camiloafiliadosofertas.com\/index.php?rest_route=\/wp\/v2\/users\/1"}],"replies":[{"embeddable":true,"href":"https:\/\/camiloafiliadosofertas.com\/index.php?rest_route=%2Fwp%2Fv2%2Fcomments&post=72"}],"version-history":[{"count":1,"href":"https:\/\/camiloafiliadosofertas.com\/index.php?rest_route=\/wp\/v2\/pages\/72\/revisions"}],"predecessor-version":[{"id":73,"href":"https:\/\/camiloafiliadosofertas.com\/index.php?rest_route=\/wp\/v2\/pages\/72\/revisions\/73"}],"wp:attachment":[{"href":"https:\/\/camiloafiliadosofertas.com\/index.php?rest_route=%2Fwp%2Fv2%2Fmedia&parent=72"}],"curies":[{"name":"wp","href":"https:\/\/api.w.org\/{rel}","templated":true}]}}