{"id":230,"date":"2026-01-23T22:48:35","date_gmt":"2026-01-23T22:48:35","guid":{"rendered":"https:\/\/camiloafiliadosofertas.com\/?post_type=product&#038;p=230"},"modified":"2026-01-23T22:50:45","modified_gmt":"2026-01-23T22:50:45","slug":"samsung-galaxy-z-fold7-jet-black","status":"publish","type":"product","link":"https:\/\/camiloafiliadosofertas.com\/?product=samsung-galaxy-z-fold7-jet-black","title":{"rendered":"Samsung Galaxy Z Fold7 Jet Black"},"content":{"rendered":"<div class=\"flex flex-col text-sm pb-25\">\n<article class=\"text-token-text-primary w-full focus:outline-none [--shadow-height:45px] has-data-writing-block:pointer-events-none has-data-writing-block:-mt-(--shadow-height) has-data-writing-block:pt-(--shadow-height) [&amp;:has([data-writing-block])&gt;*]:pointer-events-auto scroll-mt-[calc(var(--header-height)+min(200px,max(70px,20svh)))]\" dir=\"auto\" tabindex=\"-1\" data-turn-id=\"request-WEB:eec90aa5-dabe-4b91-9f0e-4206f313e6fa-6\" data-testid=\"conversation-turn-6\" data-scroll-anchor=\"true\" data-turn=\"assistant\">\n<div class=\"text-base my-auto mx-auto pb-10 [--thread-content-margin:--spacing(4)] @w-sm\/main:[--thread-content-margin:--spacing(6)] @w-lg\/main:[--thread-content-margin:--spacing(16)] px-(--thread-content-margin)\">\n<div class=\"[--thread-content-max-width:40rem] @w-lg\/main:[--thread-content-max-width:48rem] mx-auto max-w-(--thread-content-max-width) flex-1 group\/turn-messages focus-visible:outline-hidden relative flex w-full min-w-0 flex-col agent-turn\" tabindex=\"-1\">\n<div class=\"flex max-w-full flex-col grow\">\n<div class=\"min-h-8 text-message relative flex w-full flex-col items-end gap-2 text-start break-words whitespace-normal [.text-message+&amp;]:mt-1\" dir=\"auto\" data-message-author-role=\"assistant\" data-message-id=\"a9917275-13a6-46f2-b3fd-0746626e4aff\" data-message-model-slug=\"gpt-5-2\">\n<div class=\"flex w-full flex-col gap-1 empty:hidden first:pt-[1px]\">\n<div class=\"markdown prose dark:prose-invert w-full wrap-break-word light markdown-new-styling\">\n<p data-start=\"0\" data-end=\"398\" data-is-last-node=\"\" data-is-only-node=\"\">O <strong data-start=\"2\" data-end=\"31\">Samsung Galaxy Z Fold7 5G<\/strong> com <strong data-start=\"36\" data-end=\"60\">1TB de armazenamento<\/strong> e <strong data-start=\"63\" data-end=\"78\">16GB de RAM<\/strong>, na cor <strong data-start=\"87\" data-end=\"100\">Jet Black<\/strong>, \u00e9 um smartphone dobr\u00e1vel premium que une celular e tablet em um s\u00f3 dispositivo. Oferece <strong data-start=\"190\" data-end=\"209\">alto desempenho<\/strong>, <strong data-start=\"211\" data-end=\"237\">tela grande e imersiva<\/strong>, <strong data-start=\"239\" data-end=\"263\">multitarefa avan\u00e7ada<\/strong>, <strong data-start=\"265\" data-end=\"285\">conectividade 5G<\/strong> e <strong data-start=\"288\" data-end=\"300\">Dual SIM<\/strong>, sendo ideal para quem busca tecnologia de ponta, produtividade e eleg\u00e2ncia em um \u00fanico aparelho.<\/p>\n<\/div>\n<\/div>\n<\/div>\n<\/div>\n<div class=\"z-0 flex min-h-[46px] justify-start\"><\/div>\n<div class=\"mt-3 w-full empty:hidden\">\n<div class=\"text-center\"><\/div>\n<\/div>\n<\/div>\n<\/div>\n<\/article>\n<\/div>\n<div class=\"pointer-events-none h-px w-px absolute bottom-0\" aria-hidden=\"true\" data-edge=\"true\"><\/div>\n","protected":false},"excerpt":{"rendered":"<p>O Samsung Galaxy Z Fold7 5G com 1TB de armazenamento e 16GB de RAM, na cor Jet Black, \u00e9 um [&hellip;]<\/p>\n","protected":false},"featured_media":232,"comment_status":"open","ping_status":"closed","template":"","meta":{"_uag_custom_page_level_css":"","site-sidebar-layout":"default","site-content-layout":"","ast-site-content-layout":"default","site-content-style":"default","site-sidebar-style":"default","ast-global-header-display":"","ast-banner-title-visibility":"","ast-main-header-display":"","ast-hfb-above-header-display":"","ast-hfb-below-header-display":"","ast-hfb-mobile-header-display":"","site-post-title":"","ast-breadcrumbs-content":"","ast-featured-img":"","footer-sml-layout":"","ast-disable-related-posts":"","theme-transparent-header-meta":"default","adv-header-id-meta":"","stick-header-meta":"default","header-above-stick-meta":"","header-main-stick-meta":"","header-below-stick-meta":"","astra-migrate-meta-layouts":"set","ast-page-background-enabled":"default","ast-page-background-meta":{"desktop":{"background-color":"var(--ast-global-color-5)","background-image":"","background-repeat":"repeat","background-position":"center center","background-size":"auto","background-attachment":"scroll","background-type":"","background-media":"","overlay-type":"","overlay-color":"","overlay-opacity":"","overlay-gradient":""},"tablet":{"background-color":"","background-image":"","background-repeat":"repeat","background-position":"center center","background-size":"auto","background-attachment":"scroll","background-type":"","background-media":"","overlay-type":"","overlay-color":"","overlay-opacity":"","overlay-gradient":""},"mobile":{"background-color":"","background-image":"","background-repeat":"repeat","background-position":"center center","background-size":"auto","background-attachment":"scroll","background-type":"","background-media":"","overlay-type":"","overlay-color":"","overlay-opacity":"","overlay-gradient":""}},"ast-content-background-meta":{"desktop":{"background-color":"var(--ast-global-color-4)","background-image":"","background-repeat":"repeat","background-position":"center center","background-size":"auto","background-attachment":"scroll","background-type":"","background-media":"","overlay-type":"","overlay-color":"","overlay-opacity":"","overlay-gradient":""},"tablet":{"background-color":"var(--ast-global-color-4)","background-image":"","background-repeat":"repeat","background-position":"center center","background-size":"auto","background-attachment":"scroll","background-type":"","background-media":"","overlay-type":"","overlay-color":"","overlay-opacity":"","overlay-gradient":""},"mobile":{"background-color":"var(--ast-global-color-4)","background-image":"","background-repeat":"repeat","background-position":"center center","background-size":"auto","background-attachment":"scroll","background-type":"","background-media":"","overlay-type":"","overlay-color":"","overlay-opacity":"","overlay-gradient":""}}},"product_brand":[18],"product_cat":[15],"product_tag":[],"class_list":{"0":"post-230","1":"product","2":"type-product","3":"status-publish","4":"has-post-thumbnail","6":"product_brand-samsung","7":"product_cat-celulares","8":"desktop-align-left","9":"tablet-align-left","10":"mobile-align-left","11":"ast-product-gallery-layout-horizontal-slider","12":"ast-product-gallery-with-no-image","13":"ast-product-tabs-layout-horizontal","15":"first","16":"instock","17":"shipping-taxable","18":"product-type-external"},"uagb_featured_image_src":{"full":["https:\/\/camiloafiliadosofertas.com\/wp-content\/uploads\/2026\/01\/ChatGPT-Image-23-de-jan.-de-2026-18_06_10.jpg",800,800,false],"thumbnail":["https:\/\/camiloafiliadosofertas.com\/wp-content\/uploads\/2026\/01\/ChatGPT-Image-23-de-jan.-de-2026-18_06_10-150x150.jpg",150,150,true],"medium":["https:\/\/camiloafiliadosofertas.com\/wp-content\/uploads\/2026\/01\/ChatGPT-Image-23-de-jan.-de-2026-18_06_10-300x300.jpg",300,300,true],"medium_large":["https:\/\/camiloafiliadosofertas.com\/wp-content\/uploads\/2026\/01\/ChatGPT-Image-23-de-jan.-de-2026-18_06_10-768x768.jpg",768,768,true],"large":["https:\/\/camiloafiliadosofertas.com\/wp-content\/uploads\/2026\/01\/ChatGPT-Image-23-de-jan.-de-2026-18_06_10.jpg",800,800,false],"1536x1536":["https:\/\/camiloafiliadosofertas.com\/wp-content\/uploads\/2026\/01\/ChatGPT-Image-23-de-jan.-de-2026-18_06_10.jpg",800,800,false],"2048x2048":["https:\/\/camiloafiliadosofertas.com\/wp-content\/uploads\/2026\/01\/ChatGPT-Image-23-de-jan.-de-2026-18_06_10.jpg",800,800,false],"woocommerce_thumbnail":["https:\/\/camiloafiliadosofertas.com\/wp-content\/uploads\/2026\/01\/ChatGPT-Image-23-de-jan.-de-2026-18_06_10-300x300.jpg",300,300,true],"woocommerce_single":["https:\/\/camiloafiliadosofertas.com\/wp-content\/uploads\/2026\/01\/ChatGPT-Image-23-de-jan.-de-2026-18_06_10-600x600.jpg",600,600,true],"woocommerce_gallery_thumbnail":["https:\/\/camiloafiliadosofertas.com\/wp-content\/uploads\/2026\/01\/ChatGPT-Image-23-de-jan.-de-2026-18_06_10-100x100.jpg",100,100,true]},"uagb_author_info":{"display_name":"camiloemerick042@gmail.com","author_link":"https:\/\/camiloafiliadosofertas.com\/author"},"uagb_comment_info":0,"uagb_excerpt":"O Samsung Galaxy Z Fold7 5G com 1TB de armazenamento e 16GB de RAM, na cor Jet Black, \u00e9 um [&hellip;]","_links":{"self":[{"href":"https:\/\/camiloafiliadosofertas.com\/index.php?rest_route=\/wp\/v2\/product\/230","targetHints":{"allow":["GET"]}}],"collection":[{"href":"https:\/\/camiloafiliadosofertas.com\/index.php?rest_route=\/wp\/v2\/product"}],"about":[{"href":"https:\/\/camiloafiliadosofertas.com\/index.php?rest_route=\/wp\/v2\/types\/product"}],"replies":[{"embeddable":true,"href":"https:\/\/camiloafiliadosofertas.com\/index.php?rest_route=%2Fwp%2Fv2%2Fcomments&post=230"}],"wp:featuredmedia":[{"embeddable":true,"href":"https:\/\/camiloafiliadosofertas.com\/index.php?rest_route=\/wp\/v2\/media\/232"}],"wp:attachment":[{"href":"https:\/\/camiloafiliadosofertas.com\/index.php?rest_route=%2Fwp%2Fv2%2Fmedia&parent=230"}],"wp:term":[{"taxonomy":"product_brand","embeddable":true,"href":"https:\/\/camiloafiliadosofertas.com\/index.php?rest_route=%2Fwp%2Fv2%2Fproduct_brand&post=230"},{"taxonomy":"product_cat","embeddable":true,"href":"https:\/\/camiloafiliadosofertas.com\/index.php?rest_route=%2Fwp%2Fv2%2Fproduct_cat&post=230"},{"taxonomy":"product_tag","embeddable":true,"href":"https:\/\/camiloafiliadosofertas.com\/index.php?rest_route=%2Fwp%2Fv2%2Fproduct_tag&post=230"}],"curies":[{"name":"wp","href":"https:\/\/api.w.org\/{rel}","templated":true}]}}